{"id":9452,"date":"2025-02-09T16:55:02","date_gmt":"2025-02-09T16:55:02","guid":{"rendered":"https:\/\/www.pirodiserbo.it\/prova-elementi\/"},"modified":"2025-09-20T09:51:52","modified_gmt":"2025-09-20T09:51:52","slug":"traitement-thermique","status":"publish","type":"page","link":"https:\/\/www.pirodiserbo.it\/fr\/traitement-thermique\/","title":{"rendered":"Le traitement thermique \u00e0 la flamme"},"content":{"rendered":"<p><div class=\"fusion-fullwidth fullwidth-box fusion-builder-row-1 fusion-flex-container has-pattern-background has-mask-background fusion-parallax-none nonhundred-percent-fullwidth non-hundred-percent-height-scrolling\" style=\"--awb-background-position:center top;--awb-border-radius-top-left:0px;--awb-border-radius-top-right:0px;--awb-border-radius-bottom-right:0px;--awb-border-radius-bottom-left:0px;--awb-padding-top:190px;--awb-padding-bottom:160px;--awb-padding-top-medium:150px;--awb-padding-bottom-medium:120px;--awb-background-color:var(--awb-color1);--awb-background-image:url(&quot;https:\/\/www.pirodiserbo.it\/wp-content\/uploads\/2025\/05\/I-laghetti-1.jpg&quot;);--awb-background-size:cover;--awb-flex-wrap:wrap;\" ><div class=\"fusion-builder-row fusion-row fusion-flex-align-items-stretch fusion-flex-content-wrap\" style=\"max-width:1248px;margin-left: calc(-4% \/ 2 );margin-right: calc(-4% \/ 2 );\"><div class=\"fusion-layout-column fusion_builder_column fusion-builder-column-0 fusion_builder_column_1_2 1_2 fusion-flex-column fusion-animated\" style=\"--awb-padding-right:50px;--awb-padding-left:50px;--awb-bg-image:url(&#039;https:\/\/www.pirodiserbo.it\/wp-content\/uploads\/2025\/05\/fondo-Chi-Siamo-scaled.jpg&#039;);--awb-bg-blend:lighten;--awb-bg-size:cover;--awb-width-large:50%;--awb-margin-top-large:0px;--awb-spacing-right-large:0%;--awb-margin-bottom-large:55px;--awb-spacing-left-large:3.072%;--awb-width-medium:50%;--awb-order-medium:0;--awb-spacing-right-medium:0%;--awb-spacing-left-medium:3.072%;--awb-width-small:100%;--awb-order-small:0;--awb-spacing-right-small:1.92%;--awb-spacing-left-small:1.92%;\" data-animationType=\"fadeInLeft\" data-animationDuration=\"1.3\" data-animationOffset=\"top-into-view\"><div class=\"fusion-column-wrapper fusion-column-has-shadow fusion-flex-justify-content-flex-start fusion-content-layout-column fusion-column-has-bg-image\" data-bg-url=\"https:\/\/www.pirodiserbo.it\/wp-content\/uploads\/2025\/05\/fondo-Chi-Siamo-scaled.jpg\"><div class=\"fusion-title title fusion-title-1 fusion-sep-none fusion-title-text fusion-title-size-three\" style=\"--awb-text-color:var(--awb-color4);--awb-font-size:40px;\"><h3 class=\"fusion-title-heading title-heading-left\" style=\"margin:0;font-size:1em;text-transform:uppercase;line-height:1.2;\"><div><span style=\"background-color: rgba(0, 0, 0, 0); font-size: 1em;\">\u00a0<\/span><\/div>\n<p><b>Le traitement thermique \u00e0 la flamme<\/b><\/p><\/h3><\/div><\/div><\/div><div class=\"fusion-layout-column fusion_builder_column fusion-builder-column-1 fusion_builder_column_2_5 2_5 fusion-flex-column fusion-no-small-visibility\" style=\"--awb-bg-size:cover;--awb-width-large:40%;--awb-margin-top-large:0px;--awb-spacing-right-large:4.8%;--awb-margin-bottom-large:20px;--awb-spacing-left-large:4.8%;--awb-width-medium:40%;--awb-order-medium:0;--awb-spacing-right-medium:4.8%;--awb-spacing-left-medium:4.8%;--awb-width-small:100%;--awb-order-small:0;--awb-spacing-right-small:1.92%;--awb-spacing-left-small:1.92%;\"><div class=\"fusion-column-wrapper fusion-column-has-shadow fusion-flex-justify-content-flex-start fusion-content-layout-column\"><\/div><\/div><div class=\"fusion-layout-column fusion_builder_column fusion-builder-column-2 fusion_builder_column_1_3 1_3 fusion-flex-column fusion-column-inner-bg-wrapper fusion-animated\" style=\"--awb-padding-top:3vw;--awb-padding-right:3vw;--awb-padding-left:3vw;--awb-padding-top-small:40px;--awb-padding-right-small:40px;--awb-padding-bottom-small:40px;--awb-padding-left-small:40px;--awb-overflow:hidden;--awb-inner-bg-color:var(--awb-custom_color_3);--awb-inner-bg-color-hover:var(--awb-color1);--awb-inner-bg-size:cover;--awb-border-color:var(--awb-color2);--awb-border-color-hover:hsla(var(--awb-color2-h),var(--awb-color2-s),calc(var(--awb-color2-l) - 10%),calc(var(--awb-color2-a) + 1%));--awb-border-top:1px;--awb-border-right:1px;--awb-border-bottom:1px;--awb-border-left:1px;--awb-border-style:solid;--awb-border-radius:3px 3px 33px 3px;--awb-inner-bg-border-radius:3px 3px 33px 3px;--awb-inner-bg-overflow:hidden;--awb-transform:scaleX(1) scaleY(1);--awb-transform-hover:scaleX(1.05) scaleY(1.05);--awb-width-large:33.333333333333%;--awb-margin-top-large:0px;--awb-spacing-right-large:5.76%;--awb-margin-bottom-large:0px;--awb-spacing-left-large:0%;--awb-width-medium:33.333333333333%;--awb-order-medium:0;--awb-spacing-right-medium:5.76%;--awb-spacing-left-medium:0%;--awb-width-small:100%;--awb-order-small:0;--awb-spacing-right-small:1.92%;--awb-margin-bottom-small:40px;--awb-spacing-left-small:1.92%;\" data-animationType=\"fadeInUp\" data-animationDuration=\"0.3\" data-animationDelay=\"0.3\" data-animationOffset=\"top-into-view\"><span class=\"fusion-column-inner-bg hover-type-none\"><a class=\"fusion-column-anchor\" href=\"#\"><span class=\"fusion-column-inner-bg-image\"><\/span><\/a><\/span><div class=\"fusion-column-wrapper fusion-column-has-shadow fusion-flex-justify-content-flex-start fusion-content-layout-column\"><i class=\"fb-icon-element-1 fb-icon-element fontawesome-icon vape-vape-1 circle-no fusion-text-flow\" style=\"--awb-iconcolor:var(--awb-color3);--awb-iconcolor-hover:var(--awb-color5);--awb-font-size:48px;--awb-margin-bottom:20px;\"><\/i><div class=\"fusion-title title fusion-title-2 fusion-sep-none fusion-title-text fusion-title-size-three\" style=\"--awb-text-color:var(--awb-color5);--awb-font-size:25px;\"><h3 class=\"fusion-title-heading title-heading-left\" style=\"margin:0;font-size:1em;text-transform:none;line-height:1.2;\">Impact environnemental minimal<\/h3><\/div><\/div><\/div><div class=\"fusion-layout-column fusion_builder_column fusion-builder-column-3 fusion_builder_column_1_3 1_3 fusion-flex-column fusion-column-inner-bg-wrapper fusion-animated\" style=\"--awb-padding-top:3vw;--awb-padding-right:3vw;--awb-padding-bottom:3vw;--awb-padding-left:3vw;--awb-padding-top-small:40px;--awb-padding-right-small:40px;--awb-padding-bottom-small:40px;--awb-padding-left-small:40px;--awb-overflow:hidden;--awb-inner-bg-color:var(--awb-custom_color_3);--awb-inner-bg-color-hover:var(--awb-color1);--awb-inner-bg-size:cover;--awb-border-color:var(--awb-color2);--awb-border-color-hover:hsla(var(--awb-color2-h),var(--awb-color2-s),calc(var(--awb-color2-l) - 10%),var(--awb-color2-a));--awb-border-top:1px;--awb-border-right:1px;--awb-border-bottom:1px;--awb-border-left:1px;--awb-border-style:solid;--awb-border-radius:3px 3px 33px 3px;--awb-inner-bg-border-radius:3px 3px 33px 3px;--awb-inner-bg-overflow:hidden;--awb-transform:scaleX(1) scaleY(1);--awb-transform-hover:scaleX(1.05) scaleY(1.05);--awb-width-large:33.333333333333%;--awb-margin-top-large:0px;--awb-spacing-right-large:5.76%;--awb-margin-bottom-large:0px;--awb-spacing-left-large:5.76%;--awb-width-medium:33.333333333333%;--awb-order-medium:0;--awb-spacing-right-medium:5.76%;--awb-spacing-left-medium:5.76%;--awb-width-small:100%;--awb-order-small:0;--awb-spacing-right-small:1.92%;--awb-margin-bottom-small:40px;--awb-spacing-left-small:1.92%;\" data-animationType=\"fadeInUp\" data-animationDuration=\"0.3\" data-animationDelay=\"0.6\" data-animationOffset=\"top-into-view\"><span class=\"fusion-column-inner-bg hover-type-none\"><a class=\"fusion-column-anchor\" href=\"#\"><span class=\"fusion-column-inner-bg-image\"><\/span><\/a><\/span><div class=\"fusion-column-wrapper fusion-column-has-shadow fusion-flex-justify-content-flex-start fusion-content-layout-column\"><i class=\"fb-icon-element-2 fb-icon-element fontawesome-icon vape-vape-2 circle-no fusion-text-flow\" style=\"--awb-iconcolor:var(--awb-color3);--awb-iconcolor-hover:var(--awb-color5);--awb-font-size:48px;--awb-margin-bottom:20px;\"><\/i><div class=\"fusion-title title fusion-title-3 fusion-sep-none fusion-title-text fusion-title-size-three\" style=\"--awb-text-color:var(--awb-color5);--awb-font-size:25px;\"><h3 class=\"fusion-title-heading title-heading-left\" style=\"margin:0;font-size:1em;text-transform:none;line-height:1.2;\">\u00c9limination des mauvaises herbes, des insectes et des r\u00e9sidus<\/h3><\/div><\/div><\/div><div class=\"fusion-layout-column fusion_builder_column fusion-builder-column-4 fusion_builder_column_1_3 1_3 fusion-flex-column fusion-column-inner-bg-wrapper fusion-animated\" style=\"--awb-padding-top:3vw;--awb-padding-right:3vw;--awb-padding-bottom:3vw;--awb-padding-left:3vw;--awb-padding-top-small:40px;--awb-padding-right-small:40px;--awb-padding-bottom-small:40px;--awb-padding-left-small:40px;--awb-overflow:hidden;--awb-inner-bg-color:var(--awb-custom_color_3);--awb-inner-bg-color-hover:var(--awb-color1);--awb-inner-bg-size:cover;--awb-border-color:var(--awb-color2);--awb-border-color-hover:hsla(var(--awb-color2-h),var(--awb-color2-s),calc(var(--awb-color2-l) - 10%),var(--awb-color2-a));--awb-border-top:1px;--awb-border-right:1px;--awb-border-bottom:1px;--awb-border-left:1px;--awb-border-style:solid;--awb-border-radius:3px 3px 33px 3px;--awb-inner-bg-border-radius:3px 3px 33px 3px;--awb-inner-bg-overflow:hidden;--awb-transform:scaleX(1) scaleY(1);--awb-transform-hover:scaleX(1.05) scaleY(1.05);--awb-width-large:33.333333333333%;--awb-margin-top-large:0px;--awb-spacing-right-large:5.76%;--awb-margin-bottom-large:0px;--awb-spacing-left-large:5.76%;--awb-width-medium:33.333333333333%;--awb-order-medium:0;--awb-spacing-right-medium:5.76%;--awb-spacing-left-medium:5.76%;--awb-width-small:100%;--awb-order-small:0;--awb-spacing-right-small:1.92%;--awb-spacing-left-small:1.92%;\" data-animationType=\"fadeInUp\" data-animationDuration=\"0.3\" data-animationDelay=\"0.9\" data-animationOffset=\"top-into-view\"><span class=\"fusion-column-inner-bg hover-type-none\"><a class=\"fusion-column-anchor\" href=\"#\"><span class=\"fusion-column-inner-bg-image\"><\/span><\/a><\/span><div class=\"fusion-column-wrapper fusion-column-has-shadow fusion-flex-justify-content-flex-start fusion-content-layout-column\"><i class=\"fb-icon-element-3 fb-icon-element fontawesome-icon vape-liquid-1 circle-no fusion-text-flow\" style=\"--awb-iconcolor:var(--awb-color3);--awb-iconcolor-hover:var(--awb-color5);--awb-font-size:48px;--awb-margin-bottom:20px;\"><\/i><div class=\"fusion-title title fusion-title-4 fusion-sep-none fusion-title-text fusion-title-size-three\" style=\"--awb-text-color:var(--awb-color5);--awb-font-size:25px;\"><h3 class=\"fusion-title-heading title-heading-left\" style=\"margin:0;font-size:1em;text-transform:none;line-height:1.2;\">St\u00e9rilisation des surfaces<\/h3><\/div><\/div><\/div><\/div><\/div><div class=\"fusion-fullwidth fullwidth-box fusion-builder-row-2 fusion-flex-container has-pattern-background has-mask-background nonhundred-percent-fullwidth non-hundred-percent-height-scrolling\" style=\"--awb-border-radius-top-left:0px;--awb-border-radius-top-right:0px;--awb-border-radius-bottom-right:0px;--awb-border-radius-bottom-left:0px;--awb-margin-bottom:57px;--awb-flex-wrap:wrap;\" ><div class=\"fusion-builder-row fusion-row fusion-flex-align-items-flex-start fusion-flex-content-wrap\" style=\"max-width:1248px;margin-left: calc(-4% \/ 2 );margin-right: calc(-4% \/ 2 );\"><div class=\"fusion-layout-column fusion_builder_column fusion-builder-column-5 fusion_builder_column_1_1 1_1 fusion-flex-column\" style=\"--awb-bg-size:cover;--awb-width-large:100%;--awb-margin-top-large:0px;--awb-spacing-right-large:1.92%;--awb-margin-bottom-large:20px;--awb-spacing-left-large:1.92%;--awb-width-medium:100%;--awb-order-medium:0;--awb-spacing-right-medium:1.92%;--awb-spacing-left-medium:1.92%;--awb-width-small:100%;--awb-order-small:0;--awb-spacing-right-small:1.92%;--awb-spacing-left-small:1.92%;\"><div class=\"fusion-column-wrapper fusion-column-has-shadow fusion-flex-justify-content-flex-start fusion-content-layout-column\"><div class=\"fusion-title title fusion-title-5 fusion-sep-none fusion-title-text fusion-title-size-three\" style=\"--awb-text-color:var(--awb-color4);--awb-margin-top:40px;--awb-margin-bottom:40px;--awb-margin-left:400px;--awb-font-size:40px;\"><h3 class=\"fusion-title-heading title-heading-left\" style=\"margin:0;font-size:1em;text-transform:uppercase;line-height:1.2;\">TECHNIQUE D\u2019APPLICATION<\/h3><\/div><div class=\"fusion-text fusion-text-1\"><p><b>I Le traitement thermique \u00e0 la flamme peut \u00eatre appliqu\u00e9 de diff\u00e9rentes mani\u00e8res: <\/b><\/p>\n<p><b>1. <\/b><span style=\"color: var(--awb-color5);\"><b><b> d\u00e9sherbage et st\u00e9rilisation <\/b> <span style=\"color: var(--awb-color8);\">s<\/span><\/b><\/span><b><span style=\"color: var(--awb-color8);\">u<\/span>superficielle du sol et \u00e9limination des insectes en pr\u00e9-\u00e9mergence de la culture (apr\u00e8s la phase de semis)<br \/>\n<\/b><\/p>\n<p><b>2. <b style=\"color: var(--awb-color5);\"> d\u00e9sherbage, st\u00e9rilisation <\/b> superficielle du sol et \u00e9limination des insectes apr\u00e8s l\u2019\u00e9mergence de la culture (\u00e0 la fois sur la rang\u00e9e et sur la surface dans sa totalit\u00e9) <\/b><\/p>\n<p><b>3. <span style=\"color: #ea0f00;\"><b> d\u00e9sherbage, st\u00e9rilisation <\/b><\/span>superficielle du sol et \u00e9limination des insectes en pr\u00e9-semis ou pr\u00e9transplantation de la culture<br \/>\n<\/b><\/p>\n<p><b>4.<span style=\"color: #006d12;\"><b> \u00c9limination des r\u00e9sidus <\/b><\/span> de culture, des insectes et st\u00e9rilisation superficielle du sol apr\u00e8s la r\u00e9colte<\/b><\/p>\n<p><b>5. St\u00e9rilisation superficielle du sol et de la partie inf\u00e9rieure des parois avec <b style=\"color: var(--awb-color4);\">\u00e9limination des insectes dans l\u2019aviculture.<\/b><\/b><\/p>\n<p><b><i> Les diff\u00e9rentes m\u00e9thodologies d\u2019application sont le r\u00e9sultat de la variation des facteurs suivants: <\/i><\/b><\/p>\n<p><b>\u2022 Les <\/b> <span style=\"font-weight: bold; color: var(--awb-color5);\"><span style=\"color: var(--awb-color5);\"><span style=\"color: var(--awb-color5);\"> caract\u00e9ristiques du sol <\/span><\/span><\/span><span style=\"color: var(--awb-color5);\"> <span style=\"color: #000000;\"><b> influencent la diffusion de la chaleur directe et contribuent \u00e0 modifier l\u2019efficacit\u00e9 du traitement. Ces caract\u00e9ristiques comprennent : la structure du sol, sa conductivit\u00e9 thermique et la pr\u00e9sence d\u2019humidit\u00e9 dans le sol, sa temp\u00e9rature et sa porosit\u00e9. L\u2019efficacit\u00e9 du traitement est toujours d\u00e9termin\u00e9e par la quantit\u00e9 de chaleur transf\u00e9r\u00e9e par le br\u00fbleur et par la dur\u00e9e pendant laquelle la flamme reste sur la surface du sol. L\u2019exposition du sol \u00e0 des temp\u00e9ratures \u00e9lev\u00e9es pendant une dur\u00e9e excessivement longue produit g\u00e9n\u00e9ralement des effets n\u00e9gatifs et co\u00fbteux en proportion de la quantit\u00e9 de chaleur utilis\u00e9e. <\/b><\/span><\/span><\/p>\n<p><b>\u2022 La <span style=\"color: var(--awb-color5);\"><b> temp\u00e9rature de l\u2019air <\/b><\/span> dans l\u2019environnement o\u00f9 le traitement est effectu\u00e9 et le pourcentage d\u2019humidit\u00e9 pr\u00e9sent dans celui-ci. <\/b><\/p>\n<p><b>\u2022 <b style=\"color: var(--awb-color5);\"> Les diff\u00e9rentes caract\u00e9ristiques physiques des cultures <\/b> \u00e0 traiter (pr\u00e9sence de silicium, feuilles superpos\u00e9es \u00e0 la base de la plante, \u00e9corce sur la partie externe, etc.). Les caract\u00e9ristiques morphologiques et structurelles de certaines cultures leur conf\u00e8rent une certaine r\u00e9sistance \u00e0 la chaleur et permettent des interventions post-urgence sans nuire \u00e0 la production. Dans certains cas, la technique du traitement thermique \u00e0 la flamme peut \u00eatre localis\u00e9e sur la rang\u00e9e de culture, en utilisant des jets d\u2019air sp\u00e9ciaux comme \u00e9cran, en la combinant avec l\u2019op\u00e9ration de sarclage appliqu\u00e9e \u00e0 l\u2019inter-rang\u00e9e de la culture. Dans ce cas, le r\u00e9glage des angles des br\u00fbleurs et des jets d\u2019air sous la couronne des cultures est fondamental pour la r\u00e9ussite de l\u2019intervention. <\/b><\/p>\n<p><b>\u2022 <span style=\"color: var(--awb-color5);\"><b> La p\u00e9riode de l\u2019ann\u00e9e <\/b><\/span> au cours de laquelle le traitement est effectu\u00e9. L\u2019importance de cette p\u00e9riode est \u00e9galement consid\u00e9rable par rapport au type de culture que l\u2019on veut produire, dans le cas du traitement thermique de pr\u00e9-\u00e9mergence ou de pr\u00e9-semis de la culture. Dans les deux cas, le temps et l\u2019\u00e9chelle de la germination et de l\u2019apparition des mauvaises herbes \u00e0 la surface du sol d\u00e9termine une m\u00e9thodologie d\u2019intervention diff\u00e9rente et une approche diff\u00e9rente de la phase de semis ou de transplantation. <\/b><\/p>\n<p><b>\u2022 <span style=\"color: var(--awb-color5);\"><b> Les modes de transplantation ou de semis <\/b><\/span> influencent consid\u00e9rablement le r\u00e9sultat que l\u2019on peut obtenir avec le traitement. La r\u00e8gle principale \u00e0 observer toujours est de r\u00e9duire au minimum le d\u00e9placement du sol apr\u00e8s le traitement thermique avec la flamme sinon l\u2019annulation de son effet.<\/b><\/p>\n<p><b>\u2022 Le <span style=\"color: var(--awb-color5);\"><b> cycle de vie de la culture<\/b><\/span> \u00e0 traiter peut conditionner de mani\u00e8re tr\u00e8s importante l\u2019application correcte ou non du traitement.<\/b><\/p>\n<p><b>\u2022 La <b style=\"color: var(--awb-color4);\"> st\u00e9rilisation <\/b> superficielle du sol et la <b style=\"color: var(--awb-color5);\"> lutte contre les parasites<\/b> sur les surfaces destin\u00e9es \u00e0 <b style=\"color: var(--awb-color4);\"> l\u2019\u00e9levage de volailles, de taons ou de faisans.<\/b>. En cas d\u2019h\u00e9bergement de nuit pour les animaux, la st\u00e9rilisation est \u00e9galement effectu\u00e9e dans les parois lat\u00e9rales des hangars jusqu\u2019\u00e0 une hauteur de 50-60 cm au-dessus du sol.<\/b><\/p>\n<\/div><\/div><\/div><\/div><\/div><\/p>\n","protected":false},"excerpt":{"rendered":"","protected":false},"author":1,"featured_media":0,"parent":0,"menu_order":0,"comment_status":"closed","ping_status":"closed","template":"100-width.php","meta":{"footnotes":""},"class_list":["post-9452","page","type-page","status-publish","hentry"],"yoast_head":"<!-- This site is optimized with the Yoast SEO plugin v25.9 - https:\/\/yoast.com\/wordpress\/plugins\/seo\/ -->\n<title>Le traitement thermique \u00e0 la flamme - Pirodiserbo.it<\/title>\n<meta name=\"robots\" content=\"index, follow, max-snippet:-1, max-image-preview:large, max-video-preview:-1\" \/>\n<link rel=\"canonical\" href=\"https:\/\/www.pirodiserbo.it\/fr\/traitement-thermique\/\" \/>\n<meta property=\"og:locale\" content=\"fr_FR\" \/>\n<meta property=\"og:type\" content=\"article\" \/>\n<meta property=\"og:title\" content=\"Le traitement thermique \u00e0 la flamme - Pirodiserbo.it\" \/>\n<meta property=\"og:url\" content=\"https:\/\/www.pirodiserbo.it\/fr\/traitement-thermique\/\" \/>\n<meta property=\"og:site_name\" content=\"Pirodiserbo.it\" \/>\n<meta property=\"article:publisher\" content=\"https:\/\/www.facebook.com\/Mingozzi.Group\/\" \/>\n<meta property=\"article:modified_time\" content=\"2025-09-20T09:51:52+00:00\" \/>\n<meta name=\"twitter:card\" content=\"summary_large_image\" \/>\n<meta name=\"twitter:label1\" content=\"Dur\u00e9e de lecture estim\u00e9e\" \/>\n\t<meta name=\"twitter:data1\" content=\"4 minutes\" \/>\n<script type=\"application\/ld+json\" class=\"yoast-schema-graph\">{\"@context\":\"https:\/\/schema.org\",\"@graph\":[{\"@type\":\"WebPage\",\"@id\":\"https:\/\/www.pirodiserbo.it\/fr\/traitement-thermique\/\",\"url\":\"https:\/\/www.pirodiserbo.it\/fr\/traitement-thermique\/\",\"name\":\"Le traitement thermique \u00e0 la flamme - Pirodiserbo.it\",\"isPartOf\":{\"@id\":\"https:\/\/www.pirodiserbo.it\/fr\/#website\"},\"datePublished\":\"2025-02-09T16:55:02+00:00\",\"dateModified\":\"2025-09-20T09:51:52+00:00\",\"breadcrumb\":{\"@id\":\"https:\/\/www.pirodiserbo.it\/fr\/traitement-thermique\/#breadcrumb\"},\"inLanguage\":\"fr-FR\",\"potentialAction\":[{\"@type\":\"ReadAction\",\"target\":[\"https:\/\/www.pirodiserbo.it\/fr\/traitement-thermique\/\"]}]},{\"@type\":\"BreadcrumbList\",\"@id\":\"https:\/\/www.pirodiserbo.it\/fr\/traitement-thermique\/#breadcrumb\",\"itemListElement\":[{\"@type\":\"ListItem\",\"position\":1,\"name\":\"Home\",\"item\":\"https:\/\/www.pirodiserbo.it\/fr\/\"},{\"@type\":\"ListItem\",\"position\":2,\"name\":\"Le traitement thermique \u00e0 la flamme\"}]},{\"@type\":\"WebSite\",\"@id\":\"https:\/\/www.pirodiserbo.it\/fr\/#website\",\"url\":\"https:\/\/www.pirodiserbo.it\/fr\/\",\"name\":\"Pirodiserbo.it\",\"description\":\"\",\"publisher\":{\"@id\":\"https:\/\/www.pirodiserbo.it\/fr\/#organization\"},\"potentialAction\":[{\"@type\":\"SearchAction\",\"target\":{\"@type\":\"EntryPoint\",\"urlTemplate\":\"https:\/\/www.pirodiserbo.it\/fr\/?s={search_term_string}\"},\"query-input\":{\"@type\":\"PropertyValueSpecification\",\"valueRequired\":true,\"valueName\":\"search_term_string\"}}],\"inLanguage\":\"fr-FR\"},{\"@type\":\"Organization\",\"@id\":\"https:\/\/www.pirodiserbo.it\/fr\/#organization\",\"name\":\"Pirodiserbo - Mingozzi Group\",\"url\":\"https:\/\/www.pirodiserbo.it\/fr\/\",\"logo\":{\"@type\":\"ImageObject\",\"inLanguage\":\"fr-FR\",\"@id\":\"https:\/\/www.pirodiserbo.it\/fr\/#\/schema\/logo\/image\/\",\"url\":\"https:\/\/www.pirodiserbo.it\/wp-content\/uploads\/2025\/02\/logo-1.png\",\"contentUrl\":\"https:\/\/www.pirodiserbo.it\/wp-content\/uploads\/2025\/02\/logo-1.png\",\"width\":379,\"height\":100,\"caption\":\"Pirodiserbo - Mingozzi Group\"},\"image\":{\"@id\":\"https:\/\/www.pirodiserbo.it\/fr\/#\/schema\/logo\/image\/\"},\"sameAs\":[\"https:\/\/www.facebook.com\/Mingozzi.Group\/\",\"https:\/\/www.instagram.com\/mingozzi.group\/\"]}]}<\/script>\n<!-- \/ Yoast SEO plugin. -->","yoast_head_json":{"title":"Le traitement thermique \u00e0 la flamme - Pirodiserbo.it","robots":{"index":"index","follow":"follow","max-snippet":"max-snippet:-1","max-image-preview":"max-image-preview:large","max-video-preview":"max-video-preview:-1"},"canonical":"https:\/\/www.pirodiserbo.it\/fr\/traitement-thermique\/","og_locale":"fr_FR","og_type":"article","og_title":"Le traitement thermique \u00e0 la flamme - Pirodiserbo.it","og_url":"https:\/\/www.pirodiserbo.it\/fr\/traitement-thermique\/","og_site_name":"Pirodiserbo.it","article_publisher":"https:\/\/www.facebook.com\/Mingozzi.Group\/","article_modified_time":"2025-09-20T09:51:52+00:00","twitter_card":"summary_large_image","twitter_misc":{"Dur\u00e9e de lecture estim\u00e9e":"4 minutes"},"schema":{"@context":"https:\/\/schema.org","@graph":[{"@type":"WebPage","@id":"https:\/\/www.pirodiserbo.it\/fr\/traitement-thermique\/","url":"https:\/\/www.pirodiserbo.it\/fr\/traitement-thermique\/","name":"Le traitement thermique \u00e0 la flamme - Pirodiserbo.it","isPartOf":{"@id":"https:\/\/www.pirodiserbo.it\/fr\/#website"},"datePublished":"2025-02-09T16:55:02+00:00","dateModified":"2025-09-20T09:51:52+00:00","breadcrumb":{"@id":"https:\/\/www.pirodiserbo.it\/fr\/traitement-thermique\/#breadcrumb"},"inLanguage":"fr-FR","potentialAction":[{"@type":"ReadAction","target":["https:\/\/www.pirodiserbo.it\/fr\/traitement-thermique\/"]}]},{"@type":"BreadcrumbList","@id":"https:\/\/www.pirodiserbo.it\/fr\/traitement-thermique\/#breadcrumb","itemListElement":[{"@type":"ListItem","position":1,"name":"Home","item":"https:\/\/www.pirodiserbo.it\/fr\/"},{"@type":"ListItem","position":2,"name":"Le traitement thermique \u00e0 la flamme"}]},{"@type":"WebSite","@id":"https:\/\/www.pirodiserbo.it\/fr\/#website","url":"https:\/\/www.pirodiserbo.it\/fr\/","name":"Pirodiserbo.it","description":"","publisher":{"@id":"https:\/\/www.pirodiserbo.it\/fr\/#organization"},"potentialAction":[{"@type":"SearchAction","target":{"@type":"EntryPoint","urlTemplate":"https:\/\/www.pirodiserbo.it\/fr\/?s={search_term_string}"},"query-input":{"@type":"PropertyValueSpecification","valueRequired":true,"valueName":"search_term_string"}}],"inLanguage":"fr-FR"},{"@type":"Organization","@id":"https:\/\/www.pirodiserbo.it\/fr\/#organization","name":"Pirodiserbo - Mingozzi Group","url":"https:\/\/www.pirodiserbo.it\/fr\/","logo":{"@type":"ImageObject","inLanguage":"fr-FR","@id":"https:\/\/www.pirodiserbo.it\/fr\/#\/schema\/logo\/image\/","url":"https:\/\/www.pirodiserbo.it\/wp-content\/uploads\/2025\/02\/logo-1.png","contentUrl":"https:\/\/www.pirodiserbo.it\/wp-content\/uploads\/2025\/02\/logo-1.png","width":379,"height":100,"caption":"Pirodiserbo - Mingozzi Group"},"image":{"@id":"https:\/\/www.pirodiserbo.it\/fr\/#\/schema\/logo\/image\/"},"sameAs":["https:\/\/www.facebook.com\/Mingozzi.Group\/","https:\/\/www.instagram.com\/mingozzi.group\/"]}]}},"_links":{"self":[{"href":"https:\/\/www.pirodiserbo.it\/fr\/wp-json\/wp\/v2\/pages\/9452","targetHints":{"allow":["GET"]}}],"collection":[{"href":"https:\/\/www.pirodiserbo.it\/fr\/wp-json\/wp\/v2\/pages"}],"about":[{"href":"https:\/\/www.pirodiserbo.it\/fr\/wp-json\/wp\/v2\/types\/page"}],"author":[{"embeddable":true,"href":"https:\/\/www.pirodiserbo.it\/fr\/wp-json\/wp\/v2\/users\/1"}],"replies":[{"embeddable":true,"href":"https:\/\/www.pirodiserbo.it\/fr\/wp-json\/wp\/v2\/comments?post=9452"}],"version-history":[{"count":4,"href":"https:\/\/www.pirodiserbo.it\/fr\/wp-json\/wp\/v2\/pages\/9452\/revisions"}],"predecessor-version":[{"id":9625,"href":"https:\/\/www.pirodiserbo.it\/fr\/wp-json\/wp\/v2\/pages\/9452\/revisions\/9625"}],"wp:attachment":[{"href":"https:\/\/www.pirodiserbo.it\/fr\/wp-json\/wp\/v2\/media?parent=9452"}],"curies":[{"name":"wp","href":"https:\/\/api.w.org\/{rel}","templated":true}]}}